{"id":4317,"date":"2021-09-25T20:24:38","date_gmt":"2021-09-25T20:24:38","guid":{"rendered":"https:\/\/train.yaelcenter.com\/about\/"},"modified":"2021-09-26T08:13:02","modified_gmt":"2021-09-26T08:13:02","slug":"about","status":"publish","type":"page","link":"https:\/\/train.yaelcenter.com\/ro\/about\/","title":{"rendered":"Despre"},"content":{"rendered":"\t\t<div data-elementor-type=\"wp-page\" data-elementor-id=\"4317\" class=\"elementor elementor-4317 elementor-3981\" data-elementor-post-type=\"page\">\n\t\t\t\t\t\t\t\t\t<section class=\"elementor-section elementor-top-section elementor-element elementor-element-d80be80 elementor-section-boxed elementor-section-height-default elementor-section-height-default\" data-id=\"d80be80\" data-element_type=\"section\">\n\t\t\t\t\t\t<div class=\"elementor-container elementor-column-gap-default\">\n\t\t\t\t\t<div class=\"elementor-column elementor-col-100 elementor-top-column elementor-element elementor-element-3f69182\" data-id=\"3f69182\" data-element_type=\"column\">\n\t\t\t<div class=\"elementor-widget-wrap elementor-element-populated\">\n\t\t\t\t\t\t\t\t<div class=\"elementor-element elementor-element-62b02f6 elementor-widget elementor-widget-heading\" data-id=\"62b02f6\" data-element_type=\"widget\" data-widget_type=\"heading.default\">\n\t\t\t\t<div class=\"elementor-widget-container\">\n\t\t\t<style>\/*! elementor - v3.18.0 - 20-12-2023 *\/\n.elementor-heading-title{padding:0;margin:0;line-height:1}.elementor-widget-heading .elementor-heading-title[class*=elementor-size-]>a{color:inherit;font-size:inherit;line-height:inherit}.elementor-widget-heading .elementor-heading-title.elementor-size-small{font-size:15px}.elementor-widget-heading .elementor-heading-title.elementor-size-medium{font-size:19px}.elementor-widget-heading .elementor-heading-title.elementor-size-large{font-size:29px}.elementor-widget-heading .elementor-heading-title.elementor-size-xl{font-size:39px}.elementor-widget-heading .elementor-heading-title.elementor-size-xxl{font-size:59px}<\/style><h2 class=\"elementor-heading-title elementor-size-default\">Despre trenul MYVML<\/h2>\t\t<\/div>\n\t\t\t\t<\/div>\n\t\t\t\t<div class=\"elementor-element elementor-element-1110a73 elementor-widget elementor-widget-text-editor\" data-id=\"1110a73\" data-element_type=\"widget\" data-widget_type=\"text-editor.default\">\n\t\t\t\t<div class=\"elementor-widget-container\">\n\t\t\t<style>\/*! elementor - v3.18.0 - 20-12-2023 *\/\n.elementor-widget-text-editor.elementor-drop-cap-view-stacked .elementor-drop-cap{background-color:#69727d;color:#fff}.elementor-widget-text-editor.elementor-drop-cap-view-framed .elementor-drop-cap{color:#69727d;border:3px solid;background-color:transparent}.elementor-widget-text-editor:not(.elementor-drop-cap-view-default) .elementor-drop-cap{margin-top:8px}.elementor-widget-text-editor:not(.elementor-drop-cap-view-default) .elementor-drop-cap-letter{width:1em;height:1em}.elementor-widget-text-editor .elementor-drop-cap{float:left;text-align:center;line-height:1;font-size:50px}.elementor-widget-text-editor .elementor-drop-cap-letter{display:inline-block}<\/style>\t\t\t\t<p>Viziunea metodei VML este de a permite fiec\u0103rei familii sau terapeuti din \u00eentreaga lume cunoa\u0219terea sistemului VML. Acest tip de cuno\u0219tin\u021be sunt de obicei predate \u00een clase mici de formare a logopedilor. Metoda VML vizeaz\u0103 \u0219i alte popula\u021bii, precum p\u0103rin\u021bii, alte profesii din domeniul s\u0103n\u0103t\u0103\u021bii aliate, anali\u0219tii comportamentului, educatorii \u0219i multe altele, care pot utiliza cuno\u0219tin\u021bele \u00een mod eficient pe baza experien\u021bei noastre de-a lungul anilor.<\/p>\n<p><span class=\"Apple-converted-space\"> <\/span>Pentru a ajunge la acele milioane de poten\u021biali beneficiari ai cuno\u0219tin\u021belor VML, instruirile \u00een persoan\u0103 nu sunt suficiente, de aceea am dezvoltat platforma online MYVML.<\/p>\n<p>Platforma MYVML Train este un sistem de instruire pentru cunoa\u0219terea metodei VML. Marca MYVML \u00eenseamn\u0103 plasarea metodei VML acas\u0103 sau la clinic\u0103, pentru fezabilitate maxim\u0103. Aceast\u0103 platform\u0103 permite logopedilor, p\u0103rin\u021bilor \u0219i altor terapeu\u021bi, un acces rapid, profesional, organizat \u0219i ieftin la cuno\u0219tin\u021bele logopedice pentru tratamentul apraxiei vorbirii.<\/p>\n<p><span class=\"Apple-converted-space\"> <\/span><\/p>\n<p>Platforma de instruire MYVML const\u0103 din diverse instruiri \u00een diferite limbi pentru a se potrivi nevoilor dumneavoastr\u0103. Principalul curs de formare este \u201eFormarea complet\u0103 VML\u201d, care poate certifica un terapeut VML.<span class=\"Apple-converted-space\"> <\/span><\/p>\n<p>\u00cen plus, exist\u0103 cursuri construite din sec\u021biuni ale form\u0103rii complete VML, cursuri bazate pe formarea anterioar\u0103 cu zoom \u0219i multe altele.<span class=\"Apple-converted-space\"> <\/span><\/p>\n<p>Platforma MYVML Train colaboreaz\u0103 cu platforma MYVML Evaluate. \u00cen platforma de evaluare ve\u021bi putea produce un program de tratament profesional bazat pe datele de vorbire pe care le ve\u021bi introduce pe platform\u0103. Programul de tratament va include subiecte \u0219i exerci\u021bii de practicat. Dac\u0103 dori\u021bi s\u0103 afla\u021bi detalii despre fiecare subiect, teoretic \u0219i practic, v\u0103 recomand\u0103m s\u0103 urma\u021bi cursurile de tren MYVML.<\/p>\n<p><span class=\"Apple-converted-space\"> <\/span>Platforma trenului MYVML se re\u00eennoie\u0219te \u0219i se dezvolt\u0103. Lec\u021biile existente sunt modificate \u0219i modificate odat\u0103 cu cre\u0219terea cuno\u0219tin\u021belor \u0219i \u00een func\u021bie de feedback-ul utilizatorului. Ne str\u0103duim s\u0103 v\u0103 aducem cuno\u0219tin\u021be practice, tehnici, cercetare \u0219i tehnologie actualizate. Trebuie s\u0103 face\u021bi parte din comunitatea interna\u021bional\u0103 VML pentru schimbul de cuno\u0219tin\u021be, practicarea metodei \u0219i \u00eembun\u0103t\u0103\u021birea abilit\u0103\u021bilor de vorbire ale copiilor \u0219i adul\u021bilor cu Apraxia vorbirii.<\/p>\n<p>V\u0103 rug\u0103m s\u0103 vizita\u021bi site-ul nostru la<a href=\"http:\/\/yaelcenter.com\"> http:\/\/yaelcenter.com<\/a> \u0219i platforma MYVML Evaluate pentru utilizarea software-ului de evaluare.<\/p>\n\t\t\t\t\t\t<\/div>\n\t\t\t\t<\/div>\n\t\t\t\t\t<\/div>\n\t\t<\/div>\n\t\t\t\t\t\t\t<\/div>\n\t\t<\/section>\n\t\t\t\t\t\t\t<\/div>\n\t\t","protected":false},"excerpt":{"rendered":"<p>Despre trenul MYVML Viziunea metodei VML este de a permite fiec\u0103rei familii sau terapeuti din \u00eentreaga lume cunoa\u0219terea sistemului VML. Acest tip de cuno\u0219tin\u021be sunt de obicei predate \u00een clase mici de formare a logopedilor. Metoda VML vizeaz\u0103 \u0219i alte popula\u021bii, precum p\u0103rin\u021bii, alte profesii din domeniul s\u0103n\u0103t\u0103\u021bii aliate, anali\u0219tii comportamentului, educatorii \u0219i multe altele, [&hellip;]<\/p>\n","protected":false},"author":1,"featured_media":2753,"parent":0,"menu_order":14,"comment_status":"closed","ping_status":"closed","template":"","meta":{"footnotes":""},"_links":{"self":[{"href":"https:\/\/train.yaelcenter.com\/ro\/wp-json\/wp\/v2\/pages\/4317"}],"collection":[{"href":"https:\/\/train.yaelcenter.com\/ro\/wp-json\/wp\/v2\/pages"}],"about":[{"href":"https:\/\/train.yaelcenter.com\/ro\/wp-json\/wp\/v2\/types\/page"}],"author":[{"embeddable":true,"href":"https:\/\/train.yaelcenter.com\/ro\/wp-json\/wp\/v2\/users\/1"}],"replies":[{"embeddable":true,"href":"https:\/\/train.yaelcenter.com\/ro\/wp-json\/wp\/v2\/comments?post=4317"}],"version-history":[{"count":2,"href":"https:\/\/train.yaelcenter.com\/ro\/wp-json\/wp\/v2\/pages\/4317\/revisions"}],"predecessor-version":[{"id":4325,"href":"https:\/\/train.yaelcenter.com\/ro\/wp-json\/wp\/v2\/pages\/4317\/revisions\/4325"}],"wp:featuredmedia":[{"embeddable":true,"href":"https:\/\/train.yaelcenter.com\/ro\/wp-json\/wp\/v2\/media\/2753"}],"wp:attachment":[{"href":"https:\/\/train.yaelcenter.com\/ro\/wp-json\/wp\/v2\/media?parent=4317"}],"curies":[{"name":"wp","href":"https:\/\/api.w.org\/{rel}","templated":true}]}}